{"id":325,"date":"2023-04-05T17:30:31","date_gmt":"2023-04-05T20:30:31","guid":{"rendered":"https:\/\/fridmanlaw.net\/press\/"},"modified":"2023-05-02T10:49:38","modified_gmt":"2023-05-02T13:49:38","slug":"prensa","status":"publish","type":"page","link":"https:\/\/fridmanlaw.net\/es\/prensa\/","title":{"rendered":"Prensa"},"content":{"rendered":"\r\n<div class=\"lst-press- container\" id=\"lst-press-block_b45acb8d85b3474f13394f7a75f15679\">\r\n\t<div class=\"row justify-content-between\">\r\n\t\t\t\t<div class=\"col-12 col-md-6\">\r\n\t\t\t\t<div class=\"lst-press__nota mb-5\" data-aos=\"fade-up\" data-aos-offset=\"-800\">\r\n\t\t\t\t\t<h2 class=\"lst-press__titulo\">Para emigrar a Estados Unidos, \u00bfrealmente necesitas una green card?<\/h2>\r\n\t\t\t\t\t<h3 class=\"lst-press__bajada\">INFOBAE 10\/13\/22<\/h3>\r\n\t\t\t\t\t<div class=\"lst-press__descripcion\">\r\n\t\t\t\t\t\t\t\t\t\t\t<\/div>\r\n\t\t\t\t\t<div class=\"lst-press__url\">\r\n\t\t\t\t\t\t<a target=\"_blank\" href=\"https:\/\/www.infobae.com\/america\/eeuu\/2022\/10\/13\/para-emigrar-a-estados-unidos-realmente-necesitas-una-green-card\/\">M\u00e1s informaci\u00f3n<\/a>\r\n\t\t\t\t\t<\/div>\r\n\t\t\t\t<\/div>\r\n\t\t\t<\/div>\r\n\t\t\t\t<div class=\"col-12 col-md-6\">\r\n\t\t\t\t<div class=\"lst-press__nota mb-5\" data-aos=\"fade-up\" data-aos-offset=\"-800\">\r\n\t\t\t\t\t<h2 class=\"lst-press__titulo\">Visa J para Estados Unidos: \u00bfse puede evitar el requisito de dos a\u00f1os fuera y permanecer en el pa\u00eds?<\/h2>\r\n\t\t\t\t\t<h3 class=\"lst-press__bajada\">INFOBAE 12\/28\/22<\/h3>\r\n\t\t\t\t\t<div class=\"lst-press__descripcion\">\r\n\t\t\t\t\t\t\t\t\t\t\t<\/div>\r\n\t\t\t\t\t<div class=\"lst-press__url\">\r\n\t\t\t\t\t\t<a target=\"_blank\" href=\"https:\/\/www.infobae.com\/america\/eeuu\/2022\/12\/28\/visa-j-para-estados-unidos-se-puede-evitar-el-requisito-de-dos-anos-fuera-y-permanecer-en-el-pais\/\">M\u00e1s informaci\u00f3n<\/a>\r\n\t\t\t\t\t<\/div>\r\n\t\t\t\t<\/div>\r\n\t\t\t<\/div>\r\n\t\t\t\t<div class=\"col-12 col-md-6\">\r\n\t\t\t\t<div class=\"lst-press__nota mb-5\" data-aos=\"fade-up\" data-aos-offset=\"-800\">\r\n\t\t\t\t\t<h2 class=\"lst-press__titulo\">Todo lo que debes saber para obtener tu residencia en Estados Unidos.<\/h2>\r\n\t\t\t\t\t<h3 class=\"lst-press__bajada\">INFOBAE 09\/07\/2023<\/h3>\r\n\t\t\t\t\t<div class=\"lst-press__descripcion\">\r\n\t\t\t\t\t\t\t\t\t\t\t<\/div>\r\n\t\t\t\t\t<div class=\"lst-press__url\">\r\n\t\t\t\t\t\t<a target=\"_blank\" href=\"https:\/\/www.infobae.com\/estados-unidos\/2023\/09\/07\/todo-lo-que-debes-saber-para-obtener-tu-residencia-en-estados-unidos\/\">M\u00e1s informaci\u00f3n<\/a>\r\n\t\t\t\t\t<\/div>\r\n\t\t\t\t<\/div>\r\n\t\t\t<\/div>\r\n\t\t\t\t<div class=\"col-12 col-md-6\">\r\n\t\t\t\t<div class=\"lst-press__nota mb-5\" data-aos=\"fade-up\" data-aos-offset=\"-800\">\r\n\t\t\t\t\t<h2 class=\"lst-press__titulo\">Emigrar: c\u00f3mo es mudarse a Miami, un destino elegido por los argentinos para iniciar una nueva vida.<\/h2>\r\n\t\t\t\t\t<h3 class=\"lst-press__bajada\">LA NACI\u00d3N  05\/10\/2021<\/h3>\r\n\t\t\t\t\t<div class=\"lst-press__descripcion\">\r\n\t\t\t\t\t\t\t\t\t\t\t<\/div>\r\n\t\t\t\t\t<div class=\"lst-press__url\">\r\n\t\t\t\t\t\t<a target=\"_blank\" href=\"https:\/\/www.lanacion.com.ar\/propiedades\/emigrar-como-es-mudarse-a-miami-un-destino-elegido-por-los-argentinos-para-iniciar-una-nueva-vida-nid29042021\/\">M\u00e1s informaci\u00f3n<\/a>\r\n\t\t\t\t\t<\/div>\r\n\t\t\t\t<\/div>\r\n\t\t\t<\/div>\r\n\t\t\t\t<div class=\"col-12 col-md-6\">\r\n\t\t\t\t<div class=\"lst-press__nota mb-5\" data-aos=\"fade-up\" data-aos-offset=\"-800\">\r\n\t\t\t\t\t<h2 class=\"lst-press__titulo\">Formas m\u00e1s sencillas para obtener tu visa y trabajar legal en EE.UU.<\/h2>\r\n\t\t\t\t\t<h3 class=\"lst-press__bajada\">MDZ 10\/25\/2020<\/h3>\r\n\t\t\t\t\t<div class=\"lst-press__descripcion\">\r\n\t\t\t\t\t\t<!-- wp:paragraph -->\n<p>Natalia Fridman, abogada argentina que reside en Miami y asesora clientes para radicarse en EE.UU, nos cuenta todas las opciones que existen para aplicar a una visa de trabajo en el pa\u00eds norteamericano.&nbsp;<\/p>\n<!-- \/wp:paragraph -->\t\t\t\t\t<\/div>\r\n\t\t\t\t\t<div class=\"lst-press__url\">\r\n\t\t\t\t\t\t<a target=\"_blank\" href=\"https:\/\/www.infobae.com\/sociedad\/2020\/10\/16\/se-fue-del-pais-en-2001-y-explica-como-obtener-la-visa-para-vivir-en-estados-unidos-este-ano-se-duplico-la-demanda-de-los-argentinos\/\">M\u00e1s informaci\u00f3n<\/a>\r\n\t\t\t\t\t<\/div>\r\n\t\t\t\t<\/div>\r\n\t\t\t<\/div>\r\n\t\t\t\t<div class=\"col-12 col-md-6\">\r\n\t\t\t\t<div class=\"lst-press__nota mb-5\" data-aos=\"fade-up\" data-aos-offset=\"-800\">\r\n\t\t\t\t\t<h2 class=\"lst-press__titulo\">Se fue del pa\u00eds en 2001 y explica c\u00f3mo obtener la visa para vivir en Estados Unidos: \u201cEste a\u00f1o se duplic\u00f3 la demanda de los argentinos\u201d.<\/h2>\r\n\t\t\t\t\t<h3 class=\"lst-press__bajada\">INFOBAE  10\/16\/2020<\/h3>\r\n\t\t\t\t\t<div class=\"lst-press__descripcion\">\r\n\t\t\t\t\t\t<!-- wp:paragraph -->\n<p>Natalia Fridman es abogada, vive en Miami y se especializa en los tr\u00e1mites de inmigraci\u00f3n para radicarse en cualquier estado norteamericano: \u201cSi hac\u00e9s las cosas bien, el avance se ve en poco tiempo\u201d, dijo a Infobae.<\/p>\n<!-- \/wp:paragraph -->\t\t\t\t\t<\/div>\r\n\t\t\t\t\t<div class=\"lst-press__url\">\r\n\t\t\t\t\t\t<a target=\"_blank\" href=\"https:\/\/www.infobae.com\/sociedad\/2020\/10\/16\/se-fue-del-pais-en-2001-y-explica-como-obtener-la-visa-para-vivir-en-estados-unidos-este-ano-se-duplico-la-demanda-de-los-argentinos\/\">M\u00e1s informaci\u00f3n<\/a>\r\n\t\t\t\t\t<\/div>\r\n\t\t\t\t<\/div>\r\n\t\t\t<\/div>\r\n\t\t\t\t<div class=\"col-12 col-md-6\">\r\n\t\t\t\t<div class=\"lst-press__nota mb-5\" data-aos=\"fade-up\" data-aos-offset=\"-800\">\r\n\t\t\t\t\t<h2 class=\"lst-press__titulo\">Coronavirus: se dispara la demanda de argentinos que quieren radicarse en Estados Unidos.<\/h2>\r\n\t\t\t\t\t<h3 class=\"lst-press__bajada\">LA NACI\u00d3N 09\/25\/2020<\/h3>\r\n\t\t\t\t\t<div class=\"lst-press__descripcion\">\r\n\t\t\t\t\t\t<!-- wp:paragraph -->\n<p>En los estudios de migraciones consultados afirman que en los \u00faltimos meses se dio el mayor inter\u00e9s de argentinos por radicarse en Estados Unidos en a\u00f1os.&nbsp;<\/p>\n<!-- \/wp:paragraph -->\t\t\t\t\t<\/div>\r\n\t\t\t\t\t<div class=\"lst-press__url\">\r\n\t\t\t\t\t\t<a target=\"_blank\" href=\"https:\/\/www.lanacion.com.ar\/sociedad\/se-dispara-demanda-argentinos-quieren-radicarse-estados-nid2459999\/\">M\u00e1s informaci\u00f3n<\/a>\r\n\t\t\t\t\t<\/div>\r\n\t\t\t\t<\/div>\r\n\t\t\t<\/div>\r\n\t\t\t\t<div class=\"col-12 col-md-6\">\r\n\t\t\t\t<div class=\"lst-press__nota mb-5\" data-aos=\"fade-up\" data-aos-offset=\"-800\">\r\n\t\t\t\t\t<h2 class=\"lst-press__titulo\">Alternativas, consejos y secretos de c\u00f3mo obtener la visa para vivir en Estados Unidos.<\/h2>\r\n\t\t\t\t\t<h3 class=\"lst-press__bajada\">PERFIL 07\/06\/2020<\/h3>\r\n\t\t\t\t\t<div class=\"lst-press__descripcion\">\r\n\t\t\t\t\t\t<!-- wp:paragraph -->\n<p>La abogada argentina y especialista en Inmigraci\u00f3n Natalia Fridman realizar\u00e1 el pr\u00f3ximo 8 de julio un seminario online donde abordar\u00e1 las principales claves para emigrar hacia EE.UU.<\/p>\n<!-- \/wp:paragraph -->\t\t\t\t\t<\/div>\r\n\t\t\t\t\t<div class=\"lst-press__url\">\r\n\t\t\t\t\t\t<a target=\"_blank\" href=\"https:\/\/www.perfil.com\/noticias\/empresas-y-protagonistas\/alternativas-consejos-y-secretos-de-como-obtener-la-visa-para-vivir-en-estados-unidos-natalia-fridman.phtml\">M\u00e1s informaci\u00f3n<\/a>\r\n\t\t\t\t\t<\/div>\r\n\t\t\t\t<\/div>\r\n\t\t\t<\/div>\r\n\t\t<\/div>\r\n<\/div>\r\n","protected":false},"excerpt":{"rendered":"","protected":false},"author":1,"featured_media":163,"parent":0,"menu_order":0,"comment_status":"closed","ping_status":"closed","template":"","meta":{"_acf_changed":false,"footnotes":""},"class_list":["post-325","page","type-page","status-publish","has-post-thumbnail","hentry"],"acf":[],"yoast_head":"<!-- This site is optimized with the Yoast SEO plugin v24.4 - https:\/\/yoast.com\/wordpress\/plugins\/seo\/ -->\n<title>Prensa | Fridman<\/title>\n<meta name=\"robots\" content=\"index, follow, max-snippet:-1, max-image-preview:large, max-video-preview:-1\" \/>\n<link rel=\"canonical\" href=\"https:\/\/fridmanlaw.net\/es\/prensa\/\" \/>\n<meta property=\"og:locale\" content=\"es_ES\" \/>\n<meta property=\"og:type\" content=\"article\" \/>\n<meta property=\"og:title\" content=\"Prensa | Fridman\" \/>\n<meta property=\"og:url\" content=\"https:\/\/fridmanlaw.net\/es\/prensa\/\" \/>\n<meta property=\"og:site_name\" content=\"Fridman\" \/>\n<meta property=\"article:publisher\" content=\"https:\/\/www.facebook.com\/profile.php?id=100068585075258\" \/>\n<meta property=\"article:modified_time\" content=\"2023-05-02T13:49:38+00:00\" \/>\n<meta property=\"og:image\" content=\"https:\/\/fridmanlaw.net\/wp-content\/uploads\/2023\/04\/PressHeaderW.webp\" \/>\n\t<meta property=\"og:image:width\" content=\"1920\" \/>\n\t<meta property=\"og:image:height\" content=\"480\" \/>\n\t<meta property=\"og:image:type\" content=\"image\/webp\" \/>\n<meta name=\"twitter:card\" content=\"summary_large_image\" \/>\n<script type=\"application\/ld+json\" class=\"yoast-schema-graph\">{\"@context\":\"https:\/\/schema.org\",\"@graph\":[{\"@type\":\"WebPage\",\"@id\":\"https:\/\/fridmanlaw.net\/es\/prensa\/\",\"url\":\"https:\/\/fridmanlaw.net\/es\/prensa\/\",\"name\":\"Prensa | Fridman\",\"isPartOf\":{\"@id\":\"https:\/\/fridmanlaw.net\/es\/#website\"},\"primaryImageOfPage\":{\"@id\":\"https:\/\/fridmanlaw.net\/es\/prensa\/#primaryimage\"},\"image\":{\"@id\":\"https:\/\/fridmanlaw.net\/es\/prensa\/#primaryimage\"},\"thumbnailUrl\":\"https:\/\/fridmanlaw.net\/wp-content\/uploads\/2023\/04\/PressHeaderW.webp\",\"datePublished\":\"2023-04-05T20:30:31+00:00\",\"dateModified\":\"2023-05-02T13:49:38+00:00\",\"breadcrumb\":{\"@id\":\"https:\/\/fridmanlaw.net\/es\/prensa\/#breadcrumb\"},\"inLanguage\":\"es\",\"potentialAction\":[{\"@type\":\"ReadAction\",\"target\":[\"https:\/\/fridmanlaw.net\/es\/prensa\/\"]}]},{\"@type\":\"ImageObject\",\"inLanguage\":\"es\",\"@id\":\"https:\/\/fridmanlaw.net\/es\/prensa\/#primaryimage\",\"url\":\"https:\/\/fridmanlaw.net\/wp-content\/uploads\/2023\/04\/PressHeaderW.webp\",\"contentUrl\":\"https:\/\/fridmanlaw.net\/wp-content\/uploads\/2023\/04\/PressHeaderW.webp\",\"width\":1920,\"height\":480},{\"@type\":\"BreadcrumbList\",\"@id\":\"https:\/\/fridmanlaw.net\/es\/prensa\/#breadcrumb\",\"itemListElement\":[{\"@type\":\"ListItem\",\"position\":1,\"name\":\"Home\",\"item\":\"https:\/\/fridmanlaw.net\/es\/\"},{\"@type\":\"ListItem\",\"position\":2,\"name\":\"Prensa\"}]},{\"@type\":\"WebSite\",\"@id\":\"https:\/\/fridmanlaw.net\/es\/#website\",\"url\":\"https:\/\/fridmanlaw.net\/es\/\",\"name\":\"Fridman Law\",\"description\":\"Immigration Law\",\"publisher\":{\"@id\":\"https:\/\/fridmanlaw.net\/es\/#organization\"},\"potentialAction\":[{\"@type\":\"SearchAction\",\"target\":{\"@type\":\"EntryPoint\",\"urlTemplate\":\"https:\/\/fridmanlaw.net\/es\/?s={search_term_string}\"},\"query-input\":{\"@type\":\"PropertyValueSpecification\",\"valueRequired\":true,\"valueName\":\"search_term_string\"}}],\"inLanguage\":\"es\"},{\"@type\":\"Organization\",\"@id\":\"https:\/\/fridmanlaw.net\/es\/#organization\",\"name\":\"Fridman Law\",\"url\":\"https:\/\/fridmanlaw.net\/es\/\",\"logo\":{\"@type\":\"ImageObject\",\"inLanguage\":\"es\",\"@id\":\"https:\/\/fridmanlaw.net\/es\/#\/schema\/logo\/image\/\",\"url\":\"https:\/\/fridmanlaw.net\/wp-content\/uploads\/2023\/04\/slider1w.webp\",\"contentUrl\":\"https:\/\/fridmanlaw.net\/wp-content\/uploads\/2023\/04\/slider1w.webp\",\"width\":1529,\"height\":700,\"caption\":\"Fridman Law\"},\"image\":{\"@id\":\"https:\/\/fridmanlaw.net\/es\/#\/schema\/logo\/image\/\"},\"sameAs\":[\"https:\/\/www.facebook.com\/profile.php?id=100068585075258\",\"https:\/\/www.instagram.com\/fridmanimmigrationlaw\/\"]}]}<\/script>\n<!-- \/ Yoast SEO plugin. -->","yoast_head_json":{"title":"Prensa | Fridman","robots":{"index":"index","follow":"follow","max-snippet":"max-snippet:-1","max-image-preview":"max-image-preview:large","max-video-preview":"max-video-preview:-1"},"canonical":"https:\/\/fridmanlaw.net\/es\/prensa\/","og_locale":"es_ES","og_type":"article","og_title":"Prensa | Fridman","og_url":"https:\/\/fridmanlaw.net\/es\/prensa\/","og_site_name":"Fridman","article_publisher":"https:\/\/www.facebook.com\/profile.php?id=100068585075258","article_modified_time":"2023-05-02T13:49:38+00:00","og_image":[{"width":1920,"height":480,"url":"https:\/\/fridmanlaw.net\/wp-content\/uploads\/2023\/04\/PressHeaderW.webp","type":"image\/webp"}],"twitter_card":"summary_large_image","schema":{"@context":"https:\/\/schema.org","@graph":[{"@type":"WebPage","@id":"https:\/\/fridmanlaw.net\/es\/prensa\/","url":"https:\/\/fridmanlaw.net\/es\/prensa\/","name":"Prensa | Fridman","isPartOf":{"@id":"https:\/\/fridmanlaw.net\/es\/#website"},"primaryImageOfPage":{"@id":"https:\/\/fridmanlaw.net\/es\/prensa\/#primaryimage"},"image":{"@id":"https:\/\/fridmanlaw.net\/es\/prensa\/#primaryimage"},"thumbnailUrl":"https:\/\/fridmanlaw.net\/wp-content\/uploads\/2023\/04\/PressHeaderW.webp","datePublished":"2023-04-05T20:30:31+00:00","dateModified":"2023-05-02T13:49:38+00:00","breadcrumb":{"@id":"https:\/\/fridmanlaw.net\/es\/prensa\/#breadcrumb"},"inLanguage":"es","potentialAction":[{"@type":"ReadAction","target":["https:\/\/fridmanlaw.net\/es\/prensa\/"]}]},{"@type":"ImageObject","inLanguage":"es","@id":"https:\/\/fridmanlaw.net\/es\/prensa\/#primaryimage","url":"https:\/\/fridmanlaw.net\/wp-content\/uploads\/2023\/04\/PressHeaderW.webp","contentUrl":"https:\/\/fridmanlaw.net\/wp-content\/uploads\/2023\/04\/PressHeaderW.webp","width":1920,"height":480},{"@type":"BreadcrumbList","@id":"https:\/\/fridmanlaw.net\/es\/prensa\/#breadcrumb","itemListElement":[{"@type":"ListItem","position":1,"name":"Home","item":"https:\/\/fridmanlaw.net\/es\/"},{"@type":"ListItem","position":2,"name":"Prensa"}]},{"@type":"WebSite","@id":"https:\/\/fridmanlaw.net\/es\/#website","url":"https:\/\/fridmanlaw.net\/es\/","name":"Fridman Law","description":"Immigration Law","publisher":{"@id":"https:\/\/fridmanlaw.net\/es\/#organization"},"potentialAction":[{"@type":"SearchAction","target":{"@type":"EntryPoint","urlTemplate":"https:\/\/fridmanlaw.net\/es\/?s={search_term_string}"},"query-input":{"@type":"PropertyValueSpecification","valueRequired":true,"valueName":"search_term_string"}}],"inLanguage":"es"},{"@type":"Organization","@id":"https:\/\/fridmanlaw.net\/es\/#organization","name":"Fridman Law","url":"https:\/\/fridmanlaw.net\/es\/","logo":{"@type":"ImageObject","inLanguage":"es","@id":"https:\/\/fridmanlaw.net\/es\/#\/schema\/logo\/image\/","url":"https:\/\/fridmanlaw.net\/wp-content\/uploads\/2023\/04\/slider1w.webp","contentUrl":"https:\/\/fridmanlaw.net\/wp-content\/uploads\/2023\/04\/slider1w.webp","width":1529,"height":700,"caption":"Fridman Law"},"image":{"@id":"https:\/\/fridmanlaw.net\/es\/#\/schema\/logo\/image\/"},"sameAs":["https:\/\/www.facebook.com\/profile.php?id=100068585075258","https:\/\/www.instagram.com\/fridmanimmigrationlaw\/"]}]}},"_links":{"self":[{"href":"https:\/\/fridmanlaw.net\/es\/wp-json\/wp\/v2\/pages\/325","targetHints":{"allow":["GET"]}}],"collection":[{"href":"https:\/\/fridmanlaw.net\/es\/wp-json\/wp\/v2\/pages"}],"about":[{"href":"https:\/\/fridmanlaw.net\/es\/wp-json\/wp\/v2\/types\/page"}],"author":[{"embeddable":true,"href":"https:\/\/fridmanlaw.net\/es\/wp-json\/wp\/v2\/users\/1"}],"replies":[{"embeddable":true,"href":"https:\/\/fridmanlaw.net\/es\/wp-json\/wp\/v2\/comments?post=325"}],"version-history":[{"count":1,"href":"https:\/\/fridmanlaw.net\/es\/wp-json\/wp\/v2\/pages\/325\/revisions"}],"predecessor-version":[{"id":331,"href":"https:\/\/fridmanlaw.net\/es\/wp-json\/wp\/v2\/pages\/325\/revisions\/331"}],"wp:featuredmedia":[{"embeddable":true,"href":"https:\/\/fridmanlaw.net\/es\/wp-json\/wp\/v2\/media\/163"}],"wp:attachment":[{"href":"https:\/\/fridmanlaw.net\/es\/wp-json\/wp\/v2\/media?parent=325"}],"curies":[{"name":"wp","href":"https:\/\/api.w.org\/{rel}","templated":true}]}}