{"id":322,"date":"2023-04-11T10:31:53","date_gmt":"2023-04-11T13:31:53","guid":{"rendered":"https:\/\/fridmanlaw.net\/?page_id=322"},"modified":"2023-05-02T10:36:58","modified_gmt":"2023-05-02T13:36:58","slug":"visas-de-inmigrante","status":"publish","type":"page","link":"https:\/\/fridmanlaw.net\/es\/servicios\/visas-de-inmigrante\/","title":{"rendered":"Visas de Inmigrante"},"content":{"rendered":"\n<div class=\"wp-block-columns container is-layout-flex wp-container-core-columns-is-layout-9d6595d7 wp-block-columns-is-layout-flex\">\n<div class=\"wp-block-column is-layout-flow wp-block-column-is-layout-flow\"><\/div>\n\n\n\n<div class=\"wp-block-column is-layout-flow wp-block-column-is-layout-flow\" style=\"flex-basis:60%\">\n<p class=\"has-text-color\" style=\"color:#574e85\">Las Visas de Inmigrante permiten a un extranjero entrar en Estados Unidos como residente legal permanente (LPR) o titular de Tarjeta Verde (Green Card).<\/p>\n\n\n\n<p class=\"has-text-color\" style=\"color:#574e85\">Las Visas de Inmigrante permiten al solicitante y a los miembros de su familia inmediata (c\u00f3nyuge e hijos menores de 21 a\u00f1os) obtener la residencia permanente para vivir y trabajar en Estados Unidos.<\/p>\n\n\n\n<p class=\"has-text-color\" style=\"color:#574e85\">Si usted est\u00e1 interesado en obtener su Visa de Inmigrante, o si tiene preguntas sobre el mantenimiento de estatus de Visa de Inmigrante, se recomienda que consulte con uno de nuestros abogados expertos en inmigraci\u00f3n.<\/p>\n<\/div>\n\n\n\n<div class=\"wp-block-column is-layout-flow wp-block-column-is-layout-flow\"><\/div>\n<\/div>\n\n\n<div class=\"lst-service-visa\" id=\"lst-service-visa-block_01275abf571e4e4836d40b10cd3bd327\">\r\n\t<div class=\"container\">\r\n\t\t\t\t\t<div class=\"lst-service-visa__cont-tab\" >\r\n\t\t\t\t<div data-tab=\"visa-eb-1\" class=\"lst-service-visa__tab\">\r\n\t\t\t\t\r\n\t\t\t\t\t<div class=\"col1\">\r\n\t\t\t\t\t\t<icon-svg class=\"arrow-right\" src='https:\/\/fridmanlaw.net\/wp-content\/themes\/lst\/blocks\/lst-service-visa\/arrow-white.svg' alt='arrow right' ><\/icon-svg>\r\n\t\t\t\t\t\t<h3>Visa EB-1 <span> <\/span><\/h3>\r\n\t\t\t\t\t<\/div>\r\n\t\t\t\t\r\n\t\t\t\t\t<icon-svg src='https:\/\/fridmanlaw.net\/wp-content\/themes\/lst\/blocks\/lst-service-visa\/papper-icon.svg' alt='arrow right' ><\/icon-svg>\r\n\t\t\t\t<\/div>\r\n\t\t\t\t<div id=\"visa-eb-1\" class=\"lst-service-visa__descripcion\">\r\n\t\t\t\t\t<!-- wp:paragraph -->\n<p>La EB-1 es una categor\u00eda de Visa de Inmigraci\u00f3n basada en el empleo que permite obtener la residencia permanente en Estados Unidos a extranjeros con capacidades extraordinarias, profesores e investigadores destacados y ejecutivos o directivos de multinacionales.<\/p>\n<!-- \/wp:paragraph -->\n\n<!-- wp:paragraph -->\n<p>Para calificar a una Visa EB1, el solicitante debe cumplir una de estas tres subcategor\u00edas:<\/p>\n<!-- \/wp:paragraph -->\n\n<!-- wp:paragraph -->\n<p>EB1-A \u2013 Capacidad extraordinaria: el solicitante puede aplicar sin un patrocinador (sponsor), pero debe demostrar una capacidad extraordinaria en su campo, es decir que ha llegado a niveles superiores en su campo. El aplicante no necesita demostrar que posee una oferta de empleo formal, pero si debe demostrar que tiene intenci\u00f3n de seguir trabajando en su campo en el cual es sobresaliente. El aplicante debe aportar pruebas s\u00f3lidas documentadas de sus cualificaciones, incluidos premios, publicaciones, patentes, y otras contribuciones significativas en su campo.<\/p>\n<!-- \/wp:paragraph -->\n\n<!-- wp:paragraph -->\n<p>EB1-B \u2013 Profesores e investigadores destacados: el solicitante debe tener al menos tres a\u00f1os de experiencia en docencia o investigaci\u00f3n en su campo acad\u00e9mico, y debe tener una oferta de trabajo de un empleador estadounidense. Tambi\u00e9n debe demostrar reconocimiento internacional por sus logros en el campo.<\/p>\n<!-- \/wp:paragraph -->\n\n<!-- wp:paragraph -->\n<p>EB1-C \u2013 Ejecutivos y directivos de multinacionales: el solicitante debe haber estado empleado como ejecutivo o directivo por una empresa multinacional durante al menos un a\u00f1o en los tres a\u00f1os anteriores a la presentaci\u00f3n de la petici\u00f3n. Tambi\u00e9n deben tener una oferta de trabajo por un empleador estadounidense que sea una filial, afiliada o empresa matriz de la empresa multinacional.<\/p>\n<!-- \/wp:paragraph -->\t\t\t\t<\/div>\r\n\t\t\t<\/div>\r\n\t\t\t\t\t<div class=\"lst-service-visa__cont-tab\" >\r\n\t\t\t\t<div data-tab=\"visa-eb-2-niw-eb-2-exencion-por-interes-nacional\" class=\"lst-service-visa__tab\">\r\n\t\t\t\t\r\n\t\t\t\t\t<div class=\"col1\">\r\n\t\t\t\t\t\t<icon-svg class=\"arrow-right\" src='https:\/\/fridmanlaw.net\/wp-content\/themes\/lst\/blocks\/lst-service-visa\/arrow-white.svg' alt='arrow right' ><\/icon-svg>\r\n\t\t\t\t\t\t<h3>Visa EB-2 NIW <span><br> EB-2 Exenci\u00f3n por Inter\u00e9s Nacional<\/span><\/h3>\r\n\t\t\t\t\t<\/div>\r\n\t\t\t\t\r\n\t\t\t\t\t<icon-svg src='https:\/\/fridmanlaw.net\/wp-content\/themes\/lst\/blocks\/lst-service-visa\/papper-icon.svg' alt='arrow right' ><\/icon-svg>\r\n\t\t\t\t<\/div>\r\n\t\t\t\t<div id=\"visa-eb-2-niw-eb-2-exencion-por-interes-nacional\" class=\"lst-service-visa__descripcion\">\r\n\t\t\t\t\t<!-- wp:paragraph -->\n<p>La EB-2 NIW (Exenci\u00f3n por Inter\u00e9s Nacional) permite a los extranjeros con capacidades excepcionales en su campo de trabajo, vivir y trabajar en Estados Unidos como residentes permanentes legales.<\/p>\n<!-- \/wp:paragraph -->\n\n<!-- wp:paragraph -->\n<p>La categor\u00eda EB2 suele requerir una oferta de trabajo de un empleador estadounidense y una certificaci\u00f3n laboral, que implica demostrar que no hay trabajadores estadounidenses cualificados disponibles para cubrir el puesto. Sin embargo, la Exenci\u00f3n por Inter\u00e9s Nacional permite al solicitante prescindir del requisito de la oferta laboral, siempre que su trabajo se considere de inter\u00e9s nacional para Estados Unidos.<\/p>\n<!-- \/wp:paragraph -->\n\n<!-- wp:paragraph -->\n<p>Los solicitantes pueden obtener la residencia sin necesidad de un empleador que los patrocine y sin tener que enfrentar el prolongado proceso de certificaci\u00f3n laboral.<\/p>\n<!-- \/wp:paragraph -->\n\n<!-- wp:paragraph -->\n<p>Las visas EB-2 est\u00e1n dirigidas a dos categor\u00edas de solicitantes: (1) aquellos que pertenecen a profesiones que requieren un t\u00edtulo avanzado (o su equivalente); o (2) aquellos que pueden demostrar de alguna otra manera una \u00abcapacidad excepcional\u00bb en su campo espec\u00edfico, ya sea en ciencias, artes, medicina, negocios o deportes, que beneficie significativamente los intereses nacionales econ\u00f3micos, culturales o educativos o el bienestar de los Estados Unidos. Los solicitantes del primer grupo deben estar buscando un trabajo en los Estados Unidos que requiera un t\u00edtulo avanzado (como un t\u00edtulo universitario y cinco a\u00f1os de experiencia progresiva en el campo) y cumplir con las calificaciones laborales necesarias. En cuanto a las visas para solicitantes con habilidades extraordinarias, \u00e9stos deben demostrar que su habilidad es \u00absignificativamente superior\u00bb a la encontrada normalmente.<\/p>\n<!-- \/wp:paragraph -->\n\n<!-- wp:paragraph -->\n<p>El aplicante deber\u00e1 evidenciar los tres criterios siguientes:<\/p>\n<!-- \/wp:paragraph -->\n\n<!-- wp:list {\"ordered\":true,\"type\":\"1\"} -->\n<ol style=\"list-style-type:1\"><!-- wp:list-item -->\n<li>La propuesta del ciudadano extranjero tiene tanto merito sustancial como importancia nacional,<\/li>\n<!-- \/wp:list-item -->\n\n<!-- wp:list-item -->\n<li>El ciudadano extranjero est\u00e1 bien posicionado para llevar a cabo la iniciativa propuesta, y<\/li>\n<!-- \/wp:list-item -->\n\n<!-- wp:list-item -->\n<li>En su totalidad, se considera que la exenci\u00f3n de los requisitos de certificaci\u00f3n laboral y de la oferta de trabajo en la categor\u00eda EB-2 ser\u00eda beneficioso para los Estados Unidos.<\/li>\n<!-- \/wp:list-item --><\/ol>\n<!-- \/wp:list -->\n\n<!-- wp:paragraph -->\n<p>El solicitante no necesita probar que su iniciativa ser\u00e1 \u00e9xitos sino que el se encuentra en buena posici\u00f3n ya sea por su educaci\u00f3n, conocimiento especifico, historia profesional para obtener el \u00e9xito.<\/p>\n<!-- \/wp:paragraph -->\t\t\t\t<\/div>\r\n\t\t\t<\/div>\r\n\t\t\t\t\t<div class=\"lst-service-visa__cont-tab\" >\r\n\t\t\t\t<div data-tab=\"visa-eb-2-eb-3-a-traves-de-empleo-perm\" class=\"lst-service-visa__tab\">\r\n\t\t\t\t\r\n\t\t\t\t\t<div class=\"col1\">\r\n\t\t\t\t\t\t<icon-svg class=\"arrow-right\" src='https:\/\/fridmanlaw.net\/wp-content\/themes\/lst\/blocks\/lst-service-visa\/arrow-white.svg' alt='arrow right' ><\/icon-svg>\r\n\t\t\t\t\t\t<h3>Visa EB-2 EB-3  <span><br> A TRAV\u00c9S DE EMPLEO (PERM)<\/span><\/h3>\r\n\t\t\t\t\t<\/div>\r\n\t\t\t\t\r\n\t\t\t\t\t<icon-svg src='https:\/\/fridmanlaw.net\/wp-content\/themes\/lst\/blocks\/lst-service-visa\/papper-icon.svg' alt='arrow right' ><\/icon-svg>\r\n\t\t\t\t<\/div>\r\n\t\t\t\t<div id=\"visa-eb-2-eb-3-a-traves-de-empleo-perm\" class=\"lst-service-visa__descripcion\">\r\n\t\t\t\t\t<!-- wp:paragraph -->\n<p>Las categor\u00edas de Visa EB-2 y EB-3 permiten a empleados extranjeros vivir y trabajar en Estados Unidos para un empleador que ha llevado a cabo un proceso de contrataci\u00f3n para comprobar el mercado laboral estadounidense y asegurarse que no hay trabajadores estadounidenses cualificados disponibles para cubrir el puesto.<\/p>\n<!-- \/wp:paragraph -->\n\n<!-- wp:paragraph -->\n<p>\u201cPERM\u201d son las siglas de \u201cProgram Electronic Review Management\u201d (Gesti\u00f3n Electr\u00f3nica de Revisi\u00f3n de Programas). El proceso PERM forma parte de la solicitud de Tarjeta Verde (Green Card) basada en el empleo.<\/p>\n<!-- \/wp:paragraph -->\n\n<!-- wp:paragraph -->\n<p>El PERM consiste en tres pasos que debe cumplir el empleador, incluyendo una solicitud ante el Departamento de Trabajo, el proceso de contrataci\u00f3n y por \u00faltimo la aplicaci\u00f3n ante el USCIS.<\/p>\n<!-- \/wp:paragraph -->\t\t\t\t<\/div>\r\n\t\t\t<\/div>\r\n\t\t\t\t\t<div class=\"lst-service-visa__cont-tab\" >\r\n\t\t\t\t<div data-tab=\"visa-eb-5\" class=\"lst-service-visa__tab\">\r\n\t\t\t\t\r\n\t\t\t\t\t<div class=\"col1\">\r\n\t\t\t\t\t\t<icon-svg class=\"arrow-right\" src='https:\/\/fridmanlaw.net\/wp-content\/themes\/lst\/blocks\/lst-service-visa\/arrow-white.svg' alt='arrow right' ><\/icon-svg>\r\n\t\t\t\t\t\t<h3>Visa EB-5 <span> <\/span><\/h3>\r\n\t\t\t\t\t<\/div>\r\n\t\t\t\t\r\n\t\t\t\t\t<icon-svg src='https:\/\/fridmanlaw.net\/wp-content\/themes\/lst\/blocks\/lst-service-visa\/papper-icon.svg' alt='arrow right' ><\/icon-svg>\r\n\t\t\t\t<\/div>\r\n\t\t\t\t<div id=\"visa-eb-5\" class=\"lst-service-visa__descripcion\">\r\n\t\t\t\t\t<!-- wp:paragraph -->\n<p>La Visa EB-5 permite a inversores extranjeros obtener la residencia permanente en Estados Unidos invirtiendo una cantidad sustancial de capital en un negocio estadounidense.<\/p>\n<!-- \/wp:paragraph -->\n\n<!-- wp:paragraph -->\n<p>Los importes de la inversi\u00f3n se fijan en $800,000 para las inversiones realizadas en zonas de empleo espec\u00edficas (TEA) o \u00e1reas rurales; y $1,050,000 para el resto de las ubicaciones.<\/p>\n<!-- \/wp:paragraph -->\n\n<!-- wp:paragraph -->\n<p>La inversi\u00f3n puede realizarse a trav\u00e9s de un centro regional aprobado por el USCIS o directamente por el inversor en una empresa nueva o existente que cree por lo menos 10 empleos nuevos de tiempo completo.<\/p>\n<!-- \/wp:paragraph -->\n\n<!-- wp:paragraph -->\n<p>El solicitante debe demostrar detalladamente que los fondos invertidos provienen de una fuente leg\u00edtima.<\/p>\n<!-- \/wp:paragraph -->\t\t\t\t<\/div>\r\n\t\t\t<\/div>\r\n\t\t\t\t\t<div class=\"lst-service-visa__cont-tab\" >\r\n\t\t\t\t<div data-tab=\"peticiones-familiares\" class=\"lst-service-visa__tab\">\r\n\t\t\t\t\r\n\t\t\t\t\t<div class=\"col1\">\r\n\t\t\t\t\t\t<icon-svg class=\"arrow-right\" src='https:\/\/fridmanlaw.net\/wp-content\/themes\/lst\/blocks\/lst-service-visa\/arrow-white.svg' alt='arrow right' ><\/icon-svg>\r\n\t\t\t\t\t\t<h3>Peticiones Familiares <span> <\/span><\/h3>\r\n\t\t\t\t\t<\/div>\r\n\t\t\t\t\r\n\t\t\t\t\t<icon-svg src='https:\/\/fridmanlaw.net\/wp-content\/themes\/lst\/blocks\/lst-service-visa\/papper-icon.svg' alt='arrow right' ><\/icon-svg>\r\n\t\t\t\t<\/div>\r\n\t\t\t\t<div id=\"peticiones-familiares\" class=\"lst-service-visa__descripcion\">\r\n\t\t\t\t\t<!-- wp:paragraph -->\n<p>Proporcionamos servicios especializados en visas familiares que permiten a los ciudadanos americanos y residentes permanentes de los Estados Unidos reunirse con sus familiares.<\/p>\n<!-- \/wp:paragraph -->\n\n<!-- wp:paragraph -->\n<p>Nuestros servicios de peticiones basadas en la familia incluyen:<\/p>\n<!-- \/wp:paragraph -->\n\n<!-- wp:list -->\n<ul><!-- wp:list-item -->\n<li>(IR) Petici\u00f3n de ciudadanos americanos para sus familiares inmediatos: c\u00f3nyuges, padres e hijos solteros de ciudadanos americanos menores de 21 a\u00f1os. Estos beneficiarios obtienen una Tarjeta Verde (Green Card) a trav\u00e9s de este proceso.<\/li>\n<!-- \/wp:list-item -->\n\n<!-- wp:list-item -->\n<li>(F-1) Petici\u00f3n de ciudadanos americanos para hijos soleteros mayores de 21 anios<\/li>\n<!-- \/wp:list-item -->\n\n<!-- wp:list-item -->\n<li>(F2) Petici\u00f3n de los residentes permanentes a c\u00f3nyuges, hijos solteros menores de 21 a\u00f1os e hijos solteros mayores de 21 a\u00f1os. Estos beneficiarios obtienen una Tarjeta Verde (Green Card) a trav\u00e9s de este proceso.<\/li>\n<!-- \/wp:list-item -->\n\n<!-- wp:list-item -->\n<li>(F3) Petici\u00f3n de ciudadanos americanos para hijos casados<\/li>\n<!-- \/wp:list-item -->\n\n<!-- wp:list-item -->\n<li>(F4) Petici\u00f3n de ciudadanos americanos para hermano<\/li>\n<!-- \/wp:list-item --><\/ul>\n<!-- \/wp:list -->\n\n<!-- wp:paragraph -->\n<p>K-1 Visa: La Visa de prometido(a) permite a un extranjero comprometido con un ciudadano estadounidense entrar en Estados Unidos con la intenci\u00f3n de casarse.<\/p>\n<!-- \/wp:paragraph -->\n\n<!-- wp:paragraph -->\n<p>Nuestro equipo de abogados expertos en migraci\u00f3n est\u00e1 altamente capacitado para guiar a los clientes a trav\u00e9s de cada paso del proceso migratorio basado en la familia: desde la presentaci\u00f3n de la petici\u00f3n hasta la entrevista en la embajada o el ajuste de estatus si el beneficiario ya se encuentra en los Estados Unidos. Nuestro equipo se asegurar\u00e1 de que todos los requisitos y documentos se presenten eficazmente y se cumplan los plazos.<\/p>\n<!-- \/wp:paragraph -->\n\n<!-- wp:paragraph -->\n<p>Nuestros servicios incluyen:<\/p>\n<!-- \/wp:paragraph -->\n\n<!-- wp:paragraph -->\n<p>1.&nbsp;&nbsp;&nbsp;&nbsp;&nbsp;&nbsp;&nbsp;&nbsp;&nbsp;&nbsp; Consultas sobre inmigraci\u00f3n familiar: Ofrecemos consultas para evaluar la elegibilidad para la inmigraci\u00f3n basada en la familia, identificar las mejores opciones migratorias disponibles para usted y proporcionar orientaci\u00f3n sobre el proceso de solicitud.<\/p>\n<!-- \/wp:paragraph -->\n\n<!-- wp:paragraph -->\n<p>2.&nbsp;&nbsp;&nbsp;&nbsp;&nbsp;&nbsp;&nbsp;&nbsp;&nbsp;&nbsp; Presentaci\u00f3n de peticiones basadas en la familia: Nuestro estudio le ayuda a presentar la petici\u00f3n basada en la familia ante el Servicio de Ciudadan\u00eda e Inmigraci\u00f3n de EE.UU. (USCIS) en nombre de su familiar. Nos aseguraremos de que se incluya toda la documentaci\u00f3n necesaria y de que la petici\u00f3n se presente correctamente y a tiempo.<\/p>\n<!-- \/wp:paragraph -->\n\n<!-- wp:paragraph -->\n<p>3.&nbsp;&nbsp;&nbsp;&nbsp;&nbsp;&nbsp;&nbsp;&nbsp;&nbsp;&nbsp; Ajuste de estatus: Si su familiar ya se encuentra en Estados Unidos, le ayudamos a solicitar el ajuste de estatus para que dicho familiar pueda obtener la residencia permanente en el pa\u00eds.<\/p>\n<!-- \/wp:paragraph -->\n\n<!-- wp:paragraph -->\n<p>4.&nbsp;&nbsp;&nbsp;&nbsp;&nbsp;&nbsp;&nbsp;&nbsp;&nbsp;&nbsp; Tramitaci\u00f3n consular: Si su familiar se encuentra fuera de los Estados Unidos, le ayudamos con la tramitaci\u00f3n consular de su solicitud de Visa.<\/p>\n<!-- \/wp:paragraph -->\t\t\t\t<\/div>\r\n\t\t\t<\/div>\r\n\t\t\t<\/div>\r\n<\/div>\r\n","protected":false},"excerpt":{"rendered":"<p>Las Visas de Inmigrante permiten a un extranjero entrar en Estados Unidos como residente legal permanente (LPR) o titular de Tarjeta Verde (Green Card). Las Visas de Inmigrante permiten al solicitante y a los miembros de su familia inmediata (c\u00f3nyuge e hijos menores de 21 a\u00f1os) obtener la residencia permanente para vivir y trabajar en [&hellip;]<\/p>\n","protected":false},"author":1,"featured_media":165,"parent":318,"menu_order":0,"comment_status":"closed","ping_status":"closed","template":"","meta":{"_acf_changed":false,"footnotes":""},"class_list":["post-322","page","type-page","status-publish","has-post-thumbnail","hentry"],"acf":[],"yoast_head":"<!-- This site is optimized with the Yoast SEO plugin v24.4 - https:\/\/yoast.com\/wordpress\/plugins\/seo\/ -->\n<title>Visas de Inmigrante | Fridman<\/title>\n<meta name=\"robots\" content=\"index, follow, max-snippet:-1, max-image-preview:large, max-video-preview:-1\" \/>\n<link rel=\"canonical\" href=\"https:\/\/fridmanlaw.net\/es\/servicios\/visas-de-inmigrante\/\" \/>\n<meta property=\"og:locale\" content=\"es_ES\" \/>\n<meta property=\"og:type\" content=\"article\" \/>\n<meta property=\"og:title\" content=\"Visas de Inmigrante | Fridman\" \/>\n<meta property=\"og:description\" content=\"Las Visas de Inmigrante permiten a un extranjero entrar en Estados Unidos como residente legal permanente (LPR) o titular de Tarjeta Verde (Green Card). Las Visas de Inmigrante permiten al solicitante y a los miembros de su familia inmediata (c\u00f3nyuge e hijos menores de 21 a\u00f1os) obtener la residencia permanente para vivir y trabajar en [&hellip;]\" \/>\n<meta property=\"og:url\" content=\"https:\/\/fridmanlaw.net\/es\/servicios\/visas-de-inmigrante\/\" \/>\n<meta property=\"og:site_name\" content=\"Fridman\" \/>\n<meta property=\"article:publisher\" content=\"https:\/\/www.facebook.com\/profile.php?id=100068585075258\" \/>\n<meta property=\"article:modified_time\" content=\"2023-05-02T13:36:58+00:00\" \/>\n<meta property=\"og:image\" content=\"https:\/\/fridmanlaw.net\/wp-content\/uploads\/2023\/04\/ServiciosImmigrantHeaderW.webp\" \/>\n\t<meta property=\"og:image:width\" content=\"1920\" \/>\n\t<meta property=\"og:image:height\" content=\"480\" \/>\n\t<meta property=\"og:image:type\" content=\"image\/webp\" \/>\n<meta name=\"twitter:card\" content=\"summary_large_image\" \/>\n<script type=\"application\/ld+json\" class=\"yoast-schema-graph\">{\"@context\":\"https:\/\/schema.org\",\"@graph\":[{\"@type\":\"WebPage\",\"@id\":\"https:\/\/fridmanlaw.net\/es\/servicios\/visas-de-inmigrante\/\",\"url\":\"https:\/\/fridmanlaw.net\/es\/servicios\/visas-de-inmigrante\/\",\"name\":\"Visas de Inmigrante | Fridman\",\"isPartOf\":{\"@id\":\"https:\/\/fridmanlaw.net\/es\/#website\"},\"primaryImageOfPage\":{\"@id\":\"https:\/\/fridmanlaw.net\/es\/servicios\/visas-de-inmigrante\/#primaryimage\"},\"image\":{\"@id\":\"https:\/\/fridmanlaw.net\/es\/servicios\/visas-de-inmigrante\/#primaryimage\"},\"thumbnailUrl\":\"https:\/\/fridmanlaw.net\/wp-content\/uploads\/2023\/04\/ServiciosImmigrantHeaderW.webp\",\"datePublished\":\"2023-04-11T13:31:53+00:00\",\"dateModified\":\"2023-05-02T13:36:58+00:00\",\"breadcrumb\":{\"@id\":\"https:\/\/fridmanlaw.net\/es\/servicios\/visas-de-inmigrante\/#breadcrumb\"},\"inLanguage\":\"es\",\"potentialAction\":[{\"@type\":\"ReadAction\",\"target\":[\"https:\/\/fridmanlaw.net\/es\/servicios\/visas-de-inmigrante\/\"]}]},{\"@type\":\"ImageObject\",\"inLanguage\":\"es\",\"@id\":\"https:\/\/fridmanlaw.net\/es\/servicios\/visas-de-inmigrante\/#primaryimage\",\"url\":\"https:\/\/fridmanlaw.net\/wp-content\/uploads\/2023\/04\/ServiciosImmigrantHeaderW.webp\",\"contentUrl\":\"https:\/\/fridmanlaw.net\/wp-content\/uploads\/2023\/04\/ServiciosImmigrantHeaderW.webp\",\"width\":1920,\"height\":480},{\"@type\":\"BreadcrumbList\",\"@id\":\"https:\/\/fridmanlaw.net\/es\/servicios\/visas-de-inmigrante\/#breadcrumb\",\"itemListElement\":[{\"@type\":\"ListItem\",\"position\":1,\"name\":\"Home\",\"item\":\"https:\/\/fridmanlaw.net\/es\/\"},{\"@type\":\"ListItem\",\"position\":2,\"name\":\"Servicios\",\"item\":\"https:\/\/fridmanlaw.net\/es\/servicios\/\"},{\"@type\":\"ListItem\",\"position\":3,\"name\":\"Visas de Inmigrante\"}]},{\"@type\":\"WebSite\",\"@id\":\"https:\/\/fridmanlaw.net\/es\/#website\",\"url\":\"https:\/\/fridmanlaw.net\/es\/\",\"name\":\"Fridman Law\",\"description\":\"Immigration Law\",\"publisher\":{\"@id\":\"https:\/\/fridmanlaw.net\/es\/#organization\"},\"potentialAction\":[{\"@type\":\"SearchAction\",\"target\":{\"@type\":\"EntryPoint\",\"urlTemplate\":\"https:\/\/fridmanlaw.net\/es\/?s={search_term_string}\"},\"query-input\":{\"@type\":\"PropertyValueSpecification\",\"valueRequired\":true,\"valueName\":\"search_term_string\"}}],\"inLanguage\":\"es\"},{\"@type\":\"Organization\",\"@id\":\"https:\/\/fridmanlaw.net\/es\/#organization\",\"name\":\"Fridman Law\",\"url\":\"https:\/\/fridmanlaw.net\/es\/\",\"logo\":{\"@type\":\"ImageObject\",\"inLanguage\":\"es\",\"@id\":\"https:\/\/fridmanlaw.net\/es\/#\/schema\/logo\/image\/\",\"url\":\"https:\/\/fridmanlaw.net\/wp-content\/uploads\/2023\/04\/slider1w.webp\",\"contentUrl\":\"https:\/\/fridmanlaw.net\/wp-content\/uploads\/2023\/04\/slider1w.webp\",\"width\":1529,\"height\":700,\"caption\":\"Fridman Law\"},\"image\":{\"@id\":\"https:\/\/fridmanlaw.net\/es\/#\/schema\/logo\/image\/\"},\"sameAs\":[\"https:\/\/www.facebook.com\/profile.php?id=100068585075258\",\"https:\/\/www.instagram.com\/fridmanimmigrationlaw\/\"]}]}<\/script>\n<!-- \/ Yoast SEO plugin. -->","yoast_head_json":{"title":"Visas de Inmigrante | Fridman","robots":{"index":"index","follow":"follow","max-snippet":"max-snippet:-1","max-image-preview":"max-image-preview:large","max-video-preview":"max-video-preview:-1"},"canonical":"https:\/\/fridmanlaw.net\/es\/servicios\/visas-de-inmigrante\/","og_locale":"es_ES","og_type":"article","og_title":"Visas de Inmigrante | Fridman","og_description":"Las Visas de Inmigrante permiten a un extranjero entrar en Estados Unidos como residente legal permanente (LPR) o titular de Tarjeta Verde (Green Card). Las Visas de Inmigrante permiten al solicitante y a los miembros de su familia inmediata (c\u00f3nyuge e hijos menores de 21 a\u00f1os) obtener la residencia permanente para vivir y trabajar en [&hellip;]","og_url":"https:\/\/fridmanlaw.net\/es\/servicios\/visas-de-inmigrante\/","og_site_name":"Fridman","article_publisher":"https:\/\/www.facebook.com\/profile.php?id=100068585075258","article_modified_time":"2023-05-02T13:36:58+00:00","og_image":[{"width":1920,"height":480,"url":"https:\/\/fridmanlaw.net\/wp-content\/uploads\/2023\/04\/ServiciosImmigrantHeaderW.webp","type":"image\/webp"}],"twitter_card":"summary_large_image","schema":{"@context":"https:\/\/schema.org","@graph":[{"@type":"WebPage","@id":"https:\/\/fridmanlaw.net\/es\/servicios\/visas-de-inmigrante\/","url":"https:\/\/fridmanlaw.net\/es\/servicios\/visas-de-inmigrante\/","name":"Visas de Inmigrante | Fridman","isPartOf":{"@id":"https:\/\/fridmanlaw.net\/es\/#website"},"primaryImageOfPage":{"@id":"https:\/\/fridmanlaw.net\/es\/servicios\/visas-de-inmigrante\/#primaryimage"},"image":{"@id":"https:\/\/fridmanlaw.net\/es\/servicios\/visas-de-inmigrante\/#primaryimage"},"thumbnailUrl":"https:\/\/fridmanlaw.net\/wp-content\/uploads\/2023\/04\/ServiciosImmigrantHeaderW.webp","datePublished":"2023-04-11T13:31:53+00:00","dateModified":"2023-05-02T13:36:58+00:00","breadcrumb":{"@id":"https:\/\/fridmanlaw.net\/es\/servicios\/visas-de-inmigrante\/#breadcrumb"},"inLanguage":"es","potentialAction":[{"@type":"ReadAction","target":["https:\/\/fridmanlaw.net\/es\/servicios\/visas-de-inmigrante\/"]}]},{"@type":"ImageObject","inLanguage":"es","@id":"https:\/\/fridmanlaw.net\/es\/servicios\/visas-de-inmigrante\/#primaryimage","url":"https:\/\/fridmanlaw.net\/wp-content\/uploads\/2023\/04\/ServiciosImmigrantHeaderW.webp","contentUrl":"https:\/\/fridmanlaw.net\/wp-content\/uploads\/2023\/04\/ServiciosImmigrantHeaderW.webp","width":1920,"height":480},{"@type":"BreadcrumbList","@id":"https:\/\/fridmanlaw.net\/es\/servicios\/visas-de-inmigrante\/#breadcrumb","itemListElement":[{"@type":"ListItem","position":1,"name":"Home","item":"https:\/\/fridmanlaw.net\/es\/"},{"@type":"ListItem","position":2,"name":"Servicios","item":"https:\/\/fridmanlaw.net\/es\/servicios\/"},{"@type":"ListItem","position":3,"name":"Visas de Inmigrante"}]},{"@type":"WebSite","@id":"https:\/\/fridmanlaw.net\/es\/#website","url":"https:\/\/fridmanlaw.net\/es\/","name":"Fridman Law","description":"Immigration Law","publisher":{"@id":"https:\/\/fridmanlaw.net\/es\/#organization"},"potentialAction":[{"@type":"SearchAction","target":{"@type":"EntryPoint","urlTemplate":"https:\/\/fridmanlaw.net\/es\/?s={search_term_string}"},"query-input":{"@type":"PropertyValueSpecification","valueRequired":true,"valueName":"search_term_string"}}],"inLanguage":"es"},{"@type":"Organization","@id":"https:\/\/fridmanlaw.net\/es\/#organization","name":"Fridman Law","url":"https:\/\/fridmanlaw.net\/es\/","logo":{"@type":"ImageObject","inLanguage":"es","@id":"https:\/\/fridmanlaw.net\/es\/#\/schema\/logo\/image\/","url":"https:\/\/fridmanlaw.net\/wp-content\/uploads\/2023\/04\/slider1w.webp","contentUrl":"https:\/\/fridmanlaw.net\/wp-content\/uploads\/2023\/04\/slider1w.webp","width":1529,"height":700,"caption":"Fridman Law"},"image":{"@id":"https:\/\/fridmanlaw.net\/es\/#\/schema\/logo\/image\/"},"sameAs":["https:\/\/www.facebook.com\/profile.php?id=100068585075258","https:\/\/www.instagram.com\/fridmanimmigrationlaw\/"]}]}},"_links":{"self":[{"href":"https:\/\/fridmanlaw.net\/es\/wp-json\/wp\/v2\/pages\/322","targetHints":{"allow":["GET"]}}],"collection":[{"href":"https:\/\/fridmanlaw.net\/es\/wp-json\/wp\/v2\/pages"}],"about":[{"href":"https:\/\/fridmanlaw.net\/es\/wp-json\/wp\/v2\/types\/page"}],"author":[{"embeddable":true,"href":"https:\/\/fridmanlaw.net\/es\/wp-json\/wp\/v2\/users\/1"}],"replies":[{"embeddable":true,"href":"https:\/\/fridmanlaw.net\/es\/wp-json\/wp\/v2\/comments?post=322"}],"version-history":[{"count":1,"href":"https:\/\/fridmanlaw.net\/es\/wp-json\/wp\/v2\/pages\/322\/revisions"}],"predecessor-version":[{"id":323,"href":"https:\/\/fridmanlaw.net\/es\/wp-json\/wp\/v2\/pages\/322\/revisions\/323"}],"up":[{"embeddable":true,"href":"https:\/\/fridmanlaw.net\/es\/wp-json\/wp\/v2\/pages\/318"}],"wp:featuredmedia":[{"embeddable":true,"href":"https:\/\/fridmanlaw.net\/es\/wp-json\/wp\/v2\/media\/165"}],"wp:attachment":[{"href":"https:\/\/fridmanlaw.net\/es\/wp-json\/wp\/v2\/media?parent=322"}],"curies":[{"name":"wp","href":"https:\/\/api.w.org\/{rel}","templated":true}]}}